{"id":2653,"date":"2025-01-21T21:11:15","date_gmt":"2025-01-21T20:11:15","guid":{"rendered":"https:\/\/terramani.ch\/?page_id=2653"},"modified":"2026-04-05T14:43:04","modified_gmt":"2026-04-05T12:43:04","slug":"offenes-atelier","status":"publish","type":"page","link":"https:\/\/terramani.ch\/en\/offenes-atelier\/","title":{"rendered":"Open Studio"},"content":{"rendered":"\t\t<div data-elementor-type=\"wp-page\" data-elementor-id=\"2653\" class=\"elementor elementor-2653\" data-elementor-post-type=\"page\">\n\t\t\t\t\t\t<section class=\"elementor-section elementor-top-section elementor-element elementor-element-48621cf elementor-section-boxed elementor-section-height-default elementor-section-height-default\" data-id=\"48621cf\" data-element_type=\"section\" data-e-type=\"section\">\n\t\t\t\t\t\t<div class=\"elementor-container elementor-column-gap-no\">\n\t\t\t\t\t<div class=\"elementor-column elementor-col-100 elementor-top-column elementor-element elementor-element-179d48a6\" data-id=\"179d48a6\" data-element_type=\"column\" data-e-type=\"column\">\n\t\t\t<div class=\"elementor-widget-wrap elementor-element-populated\">\n\t\t\t\t\t\t<div class=\"elementor-element elementor-element-88c023c elementor-widget elementor-widget-image\" data-id=\"88c023c\" data-element_type=\"widget\" data-e-type=\"widget\" data-widget_type=\"image.default\">\n\t\t\t\t\t\t\t\t\t\t\t\t\t\t\t<img fetchpriority=\"high\" decoding=\"async\" width=\"800\" height=\"240\" src=\"https:\/\/terramani.ch\/wp-content\/uploads\/2025\/06\/Toepferutensilien-e1748793554281-1024x307.webp\" class=\"attachment-large size-large wp-image-2913\" alt=\"\" srcset=\"https:\/\/terramani.ch\/wp-content\/uploads\/2025\/06\/Toepferutensilien-e1748793554281-1024x307.webp 1024w, https:\/\/terramani.ch\/wp-content\/uploads\/2025\/06\/Toepferutensilien-e1748793554281-300x90.webp 300w, https:\/\/terramani.ch\/wp-content\/uploads\/2025\/06\/Toepferutensilien-e1748793554281-768x230.webp 768w, https:\/\/terramani.ch\/wp-content\/uploads\/2025\/06\/Toepferutensilien-e1748793554281-18x5.webp 18w, https:\/\/terramani.ch\/wp-content\/uploads\/2025\/06\/Toepferutensilien-e1748793554281-600x180.webp 600w, https:\/\/terramani.ch\/wp-content\/uploads\/2025\/06\/Toepferutensilien-e1748793554281.webp 1250w\" sizes=\"(max-width: 800px) 100vw, 800px\" \/>\t\t\t\t\t\t\t\t\t\t\t\t\t\t\t<\/div>\n\t\t\t\t<div class=\"elementor-element elementor-element-1a462800 elementor-widget elementor-widget-heading\" data-id=\"1a462800\" data-element_type=\"widget\" data-e-type=\"widget\" data-settings=\"{&quot;motion_fx_motion_fx_scrolling&quot;:&quot;yes&quot;,&quot;motion_fx_devices&quot;:[&quot;desktop&quot;,&quot;tablet&quot;,&quot;mobile&quot;]}\" data-widget_type=\"heading.default\">\n\t\t\t\t\t<h3 class=\"elementor-heading-title elementor-size-default\">Offenes Atelier<\/h3>\t\t\t\t<\/div>\n\t\t\t\t\t<\/div>\n\t\t<\/div>\n\t\t\t\t\t<\/div>\n\t\t<\/section>\n\t\t\t\t<section class=\"elementor-section elementor-top-section elementor-element elementor-element-f0e8b2f elementor-section-boxed elementor-section-height-default elementor-section-height-default\" data-id=\"f0e8b2f\" data-element_type=\"section\" data-e-type=\"section\">\n\t\t\t\t\t\t<div class=\"elementor-container elementor-column-gap-default\">\n\t\t\t\t\t<div class=\"elementor-column elementor-col-100 elementor-top-column elementor-element elementor-element-45d368d\" data-id=\"45d368d\" data-element_type=\"column\" data-e-type=\"column\">\n\t\t\t<div class=\"elementor-widget-wrap elementor-element-populated\">\n\t\t\t\t\t\t<div class=\"elementor-element elementor-element-e79928d elementor-widget elementor-widget-text-editor\" data-id=\"e79928d\" data-element_type=\"widget\" data-e-type=\"widget\" data-widget_type=\"text-editor.default\">\n\t\t\t\t\t\t\t\t\t<p data-start=\"149\" data-end=\"310\">Du hast bereits T\u00f6pfererfahrung und m\u00f6chtest selbstst\u00e4ndig an deinen Projekten arbeiten? Du hast den Einf\u00fchrungskurs bei uns besucht und m\u00f6chtest weiter \u00fcben? In unserem offenen Atelier findest du die idealen Voraussetzungen daf\u00fcr:<\/p>\n<ul data-start=\"312\" data-end=\"446\">\n<li data-start=\"312\" data-end=\"330\">\n<p data-start=\"314\" data-end=\"330\">5 Drehscheiben<\/p>\n<\/li>\n<li data-start=\"331\" data-end=\"368\">\n<p data-start=\"333\" data-end=\"368\">ein grosser Arbeitstisch<\/p>\n<\/li>\n<li data-start=\"369\" data-end=\"396\">\n<p data-start=\"371\" data-end=\"396\">Brennservice (130l Brennofen)<\/p>\n<\/li>\n<li data-start=\"369\" data-end=\"396\">\n<p data-start=\"371\" data-end=\"396\">viel Ton, Glasuren und professionelle Werkzeuge<\/p>\n<\/li>\n<\/ul>\n<p data-start=\"448\" data-end=\"624\">Nutze den Raum, um deine Ideen frei umzusetzen. Unser Atelier bietet dir die Ruhe, Inspiration und Ausstattung, die du f\u00fcr deine keramischen Arbeiten brauchst. <b>Die Angebotspreise verstehen sich exklusive Material- und Brennkosten (siehe separate Preisliste).\u00a0<\/b><\/p>\n<p data-start=\"626\" data-end=\"733\"><strong data-start=\"626\" data-end=\"661\">\u00d6ffnungszeiten Offenes Atelier:<\/strong><\/p>\n<p data-start=\"626\" data-end=\"733\">Montag: 18:30 \u2013 21:30 Uhr (ab Mai ab 14:00 Uhr)\u00a0<br \/>Donnerstag: 18:30 \u2013 21:30 Uhr<br data-start=\"704\" data-end=\"707\" \/>Freitag: 14:00 \u2013 21:30 Uhr<\/p>\n<p data-start=\"735\" data-end=\"930\"><strong data-start=\"735\" data-end=\"749\">Anmeldung:<\/strong><\/p>\n<p data-start=\"735\" data-end=\"930\">Die Nutzung ist nur mit Anmeldung m\u00f6glich \u2013 buche deinen Platz ganz einfach \u00fcber unser Buchungssystem.<br data-start=\"854\" data-end=\"857\" \/>Du kannst ganze Pakete oder Einzelstunden buchen.<\/p>\n<p data-start=\"735\" data-end=\"930\"><strong data-start=\"96\" data-end=\"138\">Dein erster Besuch im offenen Atelier:<\/strong><br data-start=\"138\" data-end=\"141\" \/>Damit du dich bei uns gut zurechtfindest, beinhaltet deine erste Buchung eine 30-min\u00fctige Einf\u00fchrung zu Beginn deiner Stunde. Wir zeigen dir den Ablauf im Atelier, erkl\u00e4ren die Nutzung der Ger\u00e4te und stehen f\u00fcr Fragen bereit \u2013 danach kannst du direkt loslegen.<\/p>\t\t\t\t\t\t\t\t<\/div>\n\t\t\t\t<div class=\"elementor-element elementor-element-d8557d1 elementor-widget elementor-widget-heading\" data-id=\"d8557d1\" data-element_type=\"widget\" data-e-type=\"widget\" data-widget_type=\"heading.default\">\n\t\t\t\t\t<h3 class=\"elementor-heading-title elementor-size-default\">Entdecke dein ideales Angebot und reserviere deinen Platz<\/h3>\t\t\t\t<\/div>\n\t\t\t\t<div class=\"elementor-element elementor-element-3408bca elementor-widget elementor-widget-catalogbooking\" data-id=\"3408bca\" data-element_type=\"widget\" data-e-type=\"widget\" data-widget_type=\"catalogbooking.default\">\n\t\t\t\t<div class=\"elementor-widget-container\">\n\t\t\t\t\t\n<script>\n  if (typeof hasAmeliaEntitiesApiCall === 'undefined' && ('' === '' && '' !== '1')) {\n    var hasAmeliaEntitiesApiCall = true;\n  }\n  var ameliaShortcodeData = (typeof ameliaShortcodeData === 'undefined') ? [] : ameliaShortcodeData;\n  ameliaShortcodeData.push(\n    {\n      'hasApiCall': (typeof hasAmeliaEntitiesApiCall !== 'undefined') && hasAmeliaEntitiesApiCall,\n      'trigger': '',\n      'trigger_type': '',\n      'triggered_form': 'cbf',\n      'in_dialog': '',\n      'show': '',\n      'counter': '1000',\n      'package': '',\n      'category': '',\n      'service': '13',\n      'employee': '',\n      'location': '',\n      'categories_hidden': '1'\n    }\n  );\n  var ameliaShortcodeDataTriggered = (typeof ameliaShortcodeDataTriggered === 'undefined') ? [] : ameliaShortcodeDataTriggered;\n  if (ameliaShortcodeData[ameliaShortcodeData.length - 1].trigger !== '') {\n    if (ameliaShortcodeDataTriggered.filter(a => a.counter === ameliaShortcodeData[ameliaShortcodeData.length - 1].counter).length === 0) {\n      ameliaShortcodeDataTriggered.push(ameliaShortcodeData.pop());\n    } else {\n      ameliaShortcodeData.pop()\n    }\n  }\n  if (typeof hasAmeliaEntitiesApiCall !== 'undefined' && hasAmeliaEntitiesApiCall) {\n    hasAmeliaEntitiesApiCall = false;\n  }\n<\/script>\n\n<div\n  id=\"amelia-v2-booking-1000\"\n  class=\"amelia-v2-booking\"\n>\n    <catalog-form-wrapper><\/catalog-form-wrapper><\/div>\n\t\t\t\t<\/div>\n\t\t\t\t<\/div>\n\t\t\t\t<div class=\"elementor-element elementor-element-f4b5e3f elementor-widget elementor-widget-catalogbooking\" data-id=\"f4b5e3f\" data-element_type=\"widget\" data-e-type=\"widget\" data-widget_type=\"catalogbooking.default\">\n\t\t\t\t<div class=\"elementor-widget-container\">\n\t\t\t\t\t\n<script>\n  if (typeof hasAmeliaEntitiesApiCall === 'undefined' && ('' === '' && '' !== '1')) {\n    var hasAmeliaEntitiesApiCall = true;\n  }\n  var ameliaShortcodeData = (typeof ameliaShortcodeData === 'undefined') ? [] : ameliaShortcodeData;\n  ameliaShortcodeData.push(\n    {\n      'hasApiCall': (typeof hasAmeliaEntitiesApiCall !== 'undefined') && hasAmeliaEntitiesApiCall,\n      'trigger': '',\n      'trigger_type': '',\n      'triggered_form': 'cbf',\n      'in_dialog': '',\n      'show': '',\n      'counter': '1001',\n      'package': '',\n      'category': '',\n      'service': '10',\n      'employee': '',\n      'location': '',\n      'categories_hidden': '1'\n    }\n  );\n  var ameliaShortcodeDataTriggered = (typeof ameliaShortcodeDataTriggered === 'undefined') ? [] : ameliaShortcodeDataTriggered;\n  if (ameliaShortcodeData[ameliaShortcodeData.length - 1].trigger !== '') {\n    if (ameliaShortcodeDataTriggered.filter(a => a.counter === ameliaShortcodeData[ameliaShortcodeData.length - 1].counter).length === 0) {\n      ameliaShortcodeDataTriggered.push(ameliaShortcodeData.pop());\n    } else {\n      ameliaShortcodeData.pop()\n    }\n  }\n  if (typeof hasAmeliaEntitiesApiCall !== 'undefined' && hasAmeliaEntitiesApiCall) {\n    hasAmeliaEntitiesApiCall = false;\n  }\n<\/script>\n\n<div\n  id=\"amelia-v2-booking-1001\"\n  class=\"amelia-v2-booking\"\n>\n    <catalog-form-wrapper><\/catalog-form-wrapper><\/div>\n\t\t\t\t<\/div>\n\t\t\t\t<\/div>\n\t\t\t\t<div class=\"elementor-element elementor-element-b427f24 elementor-widget elementor-widget-catalogbooking\" data-id=\"b427f24\" data-element_type=\"widget\" data-e-type=\"widget\" data-widget_type=\"catalogbooking.default\">\n\t\t\t\t<div class=\"elementor-widget-container\">\n\t\t\t\t\t\n<script>\n  if (typeof hasAmeliaEntitiesApiCall === 'undefined' && ('' === '' && '' !== '1')) {\n    var hasAmeliaEntitiesApiCall = true;\n  }\n  var ameliaShortcodeData = (typeof ameliaShortcodeData === 'undefined') ? [] : ameliaShortcodeData;\n  ameliaShortcodeData.push(\n    {\n      'hasApiCall': (typeof hasAmeliaEntitiesApiCall !== 'undefined') && hasAmeliaEntitiesApiCall,\n      'trigger': '',\n      'trigger_type': '',\n      'triggered_form': 'cbf',\n      'in_dialog': '',\n      'show': '',\n      'counter': '1002',\n      'package': '',\n      'category': '',\n      'service': '8',\n      'employee': '',\n      'location': '',\n      'categories_hidden': '1'\n    }\n  );\n  var ameliaShortcodeDataTriggered = (typeof ameliaShortcodeDataTriggered === 'undefined') ? [] : ameliaShortcodeDataTriggered;\n  if (ameliaShortcodeData[ameliaShortcodeData.length - 1].trigger !== '') {\n    if (ameliaShortcodeDataTriggered.filter(a => a.counter === ameliaShortcodeData[ameliaShortcodeData.length - 1].counter).length === 0) {\n      ameliaShortcodeDataTriggered.push(ameliaShortcodeData.pop());\n    } else {\n      ameliaShortcodeData.pop()\n    }\n  }\n  if (typeof hasAmeliaEntitiesApiCall !== 'undefined' && hasAmeliaEntitiesApiCall) {\n    hasAmeliaEntitiesApiCall = false;\n  }\n<\/script>\n\n<div\n  id=\"amelia-v2-booking-1002\"\n  class=\"amelia-v2-booking\"\n>\n    <catalog-form-wrapper><\/catalog-form-wrapper><\/div>\n\t\t\t\t<\/div>\n\t\t\t\t<\/div>\n\t\t\t\t<div class=\"elementor-element elementor-element-54cea47 elementor-widget elementor-widget-catalogbooking\" data-id=\"54cea47\" data-element_type=\"widget\" data-e-type=\"widget\" data-widget_type=\"catalogbooking.default\">\n\t\t\t\t<div class=\"elementor-widget-container\">\n\t\t\t\t\t\n<script>\n  if (typeof hasAmeliaEntitiesApiCall === 'undefined' && ('' === '' && '' !== '1')) {\n    var hasAmeliaEntitiesApiCall = true;\n  }\n  var ameliaShortcodeData = (typeof ameliaShortcodeData === 'undefined') ? [] : ameliaShortcodeData;\n  ameliaShortcodeData.push(\n    {\n      'hasApiCall': (typeof hasAmeliaEntitiesApiCall !== 'undefined') && hasAmeliaEntitiesApiCall,\n      'trigger': '',\n      'trigger_type': '',\n      'triggered_form': 'cbf',\n      'in_dialog': '',\n      'show': '',\n      'counter': '1003',\n      'package': '',\n      'category': '',\n      'service': '9',\n      'employee': '',\n      'location': '',\n      'categories_hidden': '1'\n    }\n  );\n  var ameliaShortcodeDataTriggered = (typeof ameliaShortcodeDataTriggered === 'undefined') ? [] : ameliaShortcodeDataTriggered;\n  if (ameliaShortcodeData[ameliaShortcodeData.length - 1].trigger !== '') {\n    if (ameliaShortcodeDataTriggered.filter(a => a.counter === ameliaShortcodeData[ameliaShortcodeData.length - 1].counter).length === 0) {\n      ameliaShortcodeDataTriggered.push(ameliaShortcodeData.pop());\n    } else {\n      ameliaShortcodeData.pop()\n    }\n  }\n  if (typeof hasAmeliaEntitiesApiCall !== 'undefined' && hasAmeliaEntitiesApiCall) {\n    hasAmeliaEntitiesApiCall = false;\n  }\n<\/script>\n\n<div\n  id=\"amelia-v2-booking-1003\"\n  class=\"amelia-v2-booking\"\n>\n    <catalog-form-wrapper><\/catalog-form-wrapper><\/div>\n\t\t\t\t<\/div>\n\t\t\t\t<\/div>\n\t\t\t\t\t<\/div>\n\t\t<\/div>\n\t\t\t\t\t<\/div>\n\t\t<\/section>\n\t\t\t\t<\/div>\n\t\t","protected":false},"excerpt":{"rendered":"<p>Offenes Atelier Du hast bereits T\u00f6pfererfahrung und m\u00f6chtest selbstst\u00e4ndig an deinen Projekten arbeiten? Du hast den Einf\u00fchrungskurs bei uns besucht und m\u00f6chtest weiter \u00fcben? In unserem offenen Atelier findest du die idealen Voraussetzungen daf\u00fcr: 5 Drehscheiben ein grosser Arbeitstisch Brennservice (130l Brennofen) viel Ton, Glasuren und professionelle Werkzeuge Nutze den Raum, um deine Ideen frei [&hellip;]<\/p>\n","protected":false},"author":1,"featured_media":0,"parent":0,"menu_order":0,"comment_status":"closed","ping_status":"closed","template":"","meta":{"footnotes":""},"class_list":["post-2653","page","type-page","status-publish","hentry"],"_links":{"self":[{"href":"https:\/\/terramani.ch\/en\/wp-json\/wp\/v2\/pages\/2653","targetHints":{"allow":["GET"]}}],"collection":[{"href":"https:\/\/terramani.ch\/en\/wp-json\/wp\/v2\/pages"}],"about":[{"href":"https:\/\/terramani.ch\/en\/wp-json\/wp\/v2\/types\/page"}],"author":[{"embeddable":true,"href":"https:\/\/terramani.ch\/en\/wp-json\/wp\/v2\/users\/1"}],"replies":[{"embeddable":true,"href":"https:\/\/terramani.ch\/en\/wp-json\/wp\/v2\/comments?post=2653"}],"version-history":[{"count":30,"href":"https:\/\/terramani.ch\/en\/wp-json\/wp\/v2\/pages\/2653\/revisions"}],"predecessor-version":[{"id":3905,"href":"https:\/\/terramani.ch\/en\/wp-json\/wp\/v2\/pages\/2653\/revisions\/3905"}],"wp:attachment":[{"href":"https:\/\/terramani.ch\/en\/wp-json\/wp\/v2\/media?parent=2653"}],"curies":[{"name":"wp","href":"https:\/\/api.w.org\/{rel}","templated":true}]}}