{"id":464,"date":"2022-08-10T12:28:03","date_gmt":"2022-08-10T10:28:03","guid":{"rendered":"https:\/\/terramani.ch\/?page_id=464"},"modified":"2026-04-30T10:09:21","modified_gmt":"2026-04-30T08:09:21","slug":"about-us","status":"publish","type":"page","link":"https:\/\/terramani.ch\/en\/about-us\/","title":{"rendered":"About us"},"content":{"rendered":"\t\t<div data-elementor-type=\"wp-page\" data-elementor-id=\"464\" class=\"elementor elementor-464\" data-elementor-post-type=\"page\">\n\t\t\t\t\t\t<section class=\"elementor-section elementor-top-section elementor-element elementor-element-4b63acf2 elementor-section-boxed elementor-section-height-default elementor-section-height-default elementor-invisible\" data-id=\"4b63acf2\" data-element_type=\"section\" data-e-type=\"section\" data-settings=\"{&quot;background_background&quot;:&quot;classic&quot;,&quot;animation&quot;:&quot;fadeInUp&quot;}\">\n\t\t\t\t\t\t<div class=\"elementor-container elementor-column-gap-no\">\n\t\t\t\t\t<div class=\"elementor-column elementor-col-50 elementor-top-column elementor-element elementor-element-7c758cc6\" data-id=\"7c758cc6\" data-element_type=\"column\" data-e-type=\"column\">\n\t\t\t<div class=\"elementor-widget-wrap elementor-element-populated\">\n\t\t\t\t\t\t<div class=\"elementor-element elementor-element-6b035930 elementor-widget elementor-widget-heading\" data-id=\"6b035930\" data-element_type=\"widget\" data-e-type=\"widget\" data-settings=\"{&quot;motion_fx_motion_fx_scrolling&quot;:&quot;yes&quot;,&quot;motion_fx_devices&quot;:[&quot;desktop&quot;,&quot;tablet&quot;,&quot;mobile&quot;]}\" data-widget_type=\"heading.default\">\n\t\t\t\t\t<h1 class=\"elementor-heading-title elementor-size-default\">Terra e Mani<\/h1>\t\t\t\t<\/div>\n\t\t\t\t<div class=\"elementor-element elementor-element-f79f38c elementor-widget elementor-widget-heading\" data-id=\"f79f38c\" data-element_type=\"widget\" data-e-type=\"widget\" data-settings=\"{&quot;motion_fx_motion_fx_scrolling&quot;:&quot;yes&quot;,&quot;motion_fx_devices&quot;:[&quot;desktop&quot;,&quot;tablet&quot;,&quot;mobile&quot;]}\" data-widget_type=\"heading.default\">\n\t\t\t\t\t<h2 class=\"elementor-heading-title elementor-size-default\">KERAMIK-ATELIER IN Z\u00dcRICH<\/h2>\t\t\t\t<\/div>\n\t\t\t\t<div class=\"elementor-element elementor-element-bf3674d elementor-widget elementor-widget-spacer\" data-id=\"bf3674d\" data-element_type=\"widget\" data-e-type=\"widget\" data-widget_type=\"spacer.default\">\n\t\t\t\t\t\t\t<div class=\"elementor-spacer\">\n\t\t\t<div class=\"elementor-spacer-inner\"><\/div>\n\t\t<\/div>\n\t\t\t\t\t\t<\/div>\n\t\t\t\t<div class=\"elementor-element elementor-element-b032150 elementor-widget elementor-widget-text-editor\" data-id=\"b032150\" data-element_type=\"widget\" data-e-type=\"widget\" data-widget_type=\"text-editor.default\">\n\t\t\t\t\t\t\t\t\t<p>Terra e Mani gibt es seit dem Jahr 2021. Du findest uns an der Dachslernstrasse 61 in Z\u00fcrich-Altstetten, zentral gelegen und gut erreichbar mit den \u00f6ffentlichen Verkehrsmitteln (mit der Tramlinie 2 und 20 oder dem Bus 31, Haltestelle Farbhof).<\/p><p>Mit Leidenschaft und Sorgfalt gestalten wir in unserer Werkstatt kunstvolle Keramikobjekte und Gebrauchsgegenst\u00e4nde. Die Welt der Keramik ist vielseitig und voller Leben. Jeder Handgriff er\u00f6ffnet neue M\u00f6glichkeiten, denn das Material \u00fcberrascht, fordert heraus und inspiriert immer wieder aufs Neue. Genau diese Dynamik macht die T\u00f6pferei f\u00fcr uns so faszinierend, weil sie ein kreativer Prozess ist, der nie stillsteht und uns stetig weiterlernen l\u00e4sst. Wir testen Grenzen, spielen mit Proportionen, entwickeln Glasuren, die beim Brennen unerwartete Farben und Strukturen offenbaren. Das Atelier wird zum Labor, der Ofen zur B\u00fchne der Verwandlung.<\/p><p>In unserem gem\u00fctlichen Atelier bieten wir auch <a href=\"https:\/\/terramani.ch\/offenes-atelier\/\" target=\"_blank\" rel=\"noopener\">Arbeitspl\u00e4tze<\/a> f\u00fcr T\u00f6pfer:innen an. Es stehen f\u00fcnf T\u00f6pferscheiben und ein grossz\u00fcgiger Arbeitstisch bereit, ein perfekter Ort, um an eigenen Projekten zu arbeiten und neue Ideen umzusetzen.<\/p><p>Zudem bieten wir f\u00fcr alle Anf\u00e4nger welche schon lange einmal mit Ton arbeiten wollten, <a href=\"https:\/\/terramani.ch\/kurse\/\" target=\"_blank\" rel=\"noopener\">Schnupperkurse und Einf\u00fchrungskurse<\/a> an der Drehscheibe sowie Handaufbau an.<\/p><p>Gerne \u00f6ffnen wir unsere T\u00fcren f\u00fcr dich, um dir unsere Keramik und unser Atelier pers\u00f6nlich zu pr\u00e4sentieren. Komm vorbei und damit wir uns nicht verpassen, <a href=\"https:\/\/terramani.ch\/kontakt\/\" target=\"_blank\" rel=\"noopener\">schreib uns<\/a> doch eine kurze Nachricht, wann du kommen m\u00f6chtest. Wir freuen uns auf deinen Besuch!<\/p>\t\t\t\t\t\t\t\t<\/div>\n\t\t\t\t\t<\/div>\n\t\t<\/div>\n\t\t\t\t<div class=\"elementor-column elementor-col-50 elementor-top-column elementor-element elementor-element-772b05d6\" data-id=\"772b05d6\" data-element_type=\"column\" data-e-type=\"column\">\n\t\t\t<div class=\"elementor-widget-wrap elementor-element-populated\">\n\t\t\t\t\t\t<div class=\"elementor-element elementor-element-e7feead elementor-widget elementor-widget-spacer\" data-id=\"e7feead\" data-element_type=\"widget\" data-e-type=\"widget\" data-widget_type=\"spacer.default\">\n\t\t\t\t\t\t\t<div class=\"elementor-spacer\">\n\t\t\t<div class=\"elementor-spacer-inner\"><\/div>\n\t\t<\/div>\n\t\t\t\t\t\t<\/div>\n\t\t\t\t<div class=\"elementor-element elementor-element-66ff2d0 elementor-widget elementor-widget-gallery\" data-id=\"66ff2d0\" data-element_type=\"widget\" data-e-type=\"widget\" data-settings=\"{&quot;gallery_layout&quot;:&quot;masonry&quot;,&quot;columns&quot;:3,&quot;columns_tablet&quot;:2,&quot;columns_mobile&quot;:1,&quot;gap&quot;:{&quot;unit&quot;:&quot;px&quot;,&quot;size&quot;:10,&quot;sizes&quot;:[]},&quot;gap_tablet&quot;:{&quot;unit&quot;:&quot;px&quot;,&quot;size&quot;:10,&quot;sizes&quot;:[]},&quot;gap_mobile&quot;:{&quot;unit&quot;:&quot;px&quot;,&quot;size&quot;:10,&quot;sizes&quot;:[]},&quot;link_to&quot;:&quot;file&quot;,&quot;overlay_background&quot;:&quot;yes&quot;,&quot;content_hover_animation&quot;:&quot;fade-in&quot;}\" data-widget_type=\"gallery.default\">\n\t\t\t\t\t\t\t<div class=\"elementor-gallery__container\">\n\t\t\t\t\t\t\t<a class=\"e-gallery-item elementor-gallery-item elementor-animated-content\" href=\"https:\/\/terramani.ch\/wp-content\/uploads\/2026\/03\/Atelier-Toepferscheiben.webp\" data-elementor-open-lightbox=\"yes\" data-elementor-lightbox-slideshow=\"66ff2d0\" data-elementor-lightbox-title=\"Atelier Terra e Mani - Toepferscheiben\" data-e-action-hash=\"#elementor-action%3Aaction%3Dlightbox%26settings%3DeyJpZCI6Mjc1NywidXJsIjoiaHR0cHM6XC9cL3RlcnJhbWFuaS5jaFwvd3AtY29udGVudFwvdXBsb2Fkc1wvMjAyNlwvMDNcL0F0ZWxpZXItVG9lcGZlcnNjaGVpYmVuLndlYnAiLCJzbGlkZXNob3ciOiI2NmZmMmQwIn0%3D\">\n\t\t\t\t\t<div class=\"e-gallery-image elementor-gallery-item__image\" data-thumbnail=\"https:\/\/terramani.ch\/wp-content\/uploads\/2026\/03\/Atelier-Toepferscheiben-169x300.webp\" data-width=\"169\" data-height=\"300\" aria-label=\"Kursraum mit T\u00f6pferscheiben\" role=\"img\" ><\/div>\n\t\t\t\t\t\t\t\t\t\t\t<div class=\"elementor-gallery-item__overlay\"><\/div>\n\t\t\t\t\t\t\t\t\t\t\t\t\t\t<\/a>\n\t\t\t\t\t\t\t<a class=\"e-gallery-item elementor-gallery-item elementor-animated-content\" href=\"https:\/\/terramani.ch\/wp-content\/uploads\/2026\/03\/Atelier-Farn.webp\" data-elementor-open-lightbox=\"yes\" data-elementor-lightbox-slideshow=\"66ff2d0\" data-elementor-lightbox-title=\"Atelier Terra e Mani - Farn\" data-e-action-hash=\"#elementor-action%3Aaction%3Dlightbox%26settings%3DeyJpZCI6Mjc4OCwidXJsIjoiaHR0cHM6XC9cL3RlcnJhbWFuaS5jaFwvd3AtY29udGVudFwvdXBsb2Fkc1wvMjAyNlwvMDNcL0F0ZWxpZXItRmFybi53ZWJwIiwic2xpZGVzaG93IjoiNjZmZjJkMCJ9\">\n\t\t\t\t\t<div class=\"e-gallery-image elementor-gallery-item__image\" data-thumbnail=\"https:\/\/terramani.ch\/wp-content\/uploads\/2026\/03\/Atelier-Farn-225x300.webp\" data-width=\"225\" data-height=\"300\" aria-label=\"\" role=\"img\" ><\/div>\n\t\t\t\t\t\t\t\t\t\t\t<div class=\"elementor-gallery-item__overlay\"><\/div>\n\t\t\t\t\t\t\t\t\t\t\t\t\t\t<\/a>\n\t\t\t\t\t\t\t<a class=\"e-gallery-item elementor-gallery-item elementor-animated-content\" href=\"https:\/\/terramani.ch\/wp-content\/uploads\/2025\/08\/TeM-Atelier-Arbeitstisch2.webp\" data-elementor-open-lightbox=\"yes\" data-elementor-lightbox-slideshow=\"66ff2d0\" data-elementor-lightbox-title=\"Terra e Mani Atelier - Arbeitstisch\" data-e-action-hash=\"#elementor-action%3Aaction%3Dlightbox%26settings%3DeyJpZCI6MzMyMCwidXJsIjoiaHR0cHM6XC9cL3RlcnJhbWFuaS5jaFwvd3AtY29udGVudFwvdXBsb2Fkc1wvMjAyNVwvMDhcL1RlTS1BdGVsaWVyLUFyYmVpdHN0aXNjaDIud2VicCIsInNsaWRlc2hvdyI6IjY2ZmYyZDAifQ%3D%3D\">\n\t\t\t\t\t<div class=\"e-gallery-image elementor-gallery-item__image\" data-thumbnail=\"https:\/\/terramani.ch\/wp-content\/uploads\/2025\/08\/TeM-Atelier-Arbeitstisch2-225x300.webp\" data-width=\"225\" data-height=\"300\" aria-label=\"\" role=\"img\" ><\/div>\n\t\t\t\t\t\t\t\t\t\t\t<div class=\"elementor-gallery-item__overlay\"><\/div>\n\t\t\t\t\t\t\t\t\t\t\t\t\t\t<\/a>\n\t\t\t\t\t\t\t<a class=\"e-gallery-item elementor-gallery-item elementor-animated-content\" href=\"https:\/\/terramani.ch\/wp-content\/uploads\/2026\/03\/Terra-e-Mani-Atelier-Brennofen.webp\" data-elementor-open-lightbox=\"yes\" data-elementor-lightbox-slideshow=\"66ff2d0\" data-elementor-lightbox-title=\"Terra e Mani Atelier - Brennofen\" data-e-action-hash=\"#elementor-action%3Aaction%3Dlightbox%26settings%3DeyJpZCI6MTkwMCwidXJsIjoiaHR0cHM6XC9cL3RlcnJhbWFuaS5jaFwvd3AtY29udGVudFwvdXBsb2Fkc1wvMjAyNlwvMDNcL1RlcnJhLWUtTWFuaS1BdGVsaWVyLUJyZW5ub2Zlbi53ZWJwIiwic2xpZGVzaG93IjoiNjZmZjJkMCJ9\">\n\t\t\t\t\t<div class=\"e-gallery-image elementor-gallery-item__image\" data-thumbnail=\"https:\/\/terramani.ch\/wp-content\/uploads\/2026\/03\/Terra-e-Mani-Atelier-Brennofen-225x300.webp\" data-width=\"225\" data-height=\"300\" aria-label=\"\" role=\"img\" ><\/div>\n\t\t\t\t\t\t\t\t\t\t\t<div class=\"elementor-gallery-item__overlay\"><\/div>\n\t\t\t\t\t\t\t\t\t\t\t\t\t\t<\/a>\n\t\t\t\t\t\t\t<a class=\"e-gallery-item elementor-gallery-item elementor-animated-content\" href=\"https:\/\/terramani.ch\/wp-content\/uploads\/2023\/04\/Atelier_Tools.webp\" data-elementor-open-lightbox=\"yes\" data-elementor-lightbox-slideshow=\"66ff2d0\" data-elementor-lightbox-title=\"Atelier Tools\" data-e-action-hash=\"#elementor-action%3Aaction%3Dlightbox%26settings%3DeyJpZCI6MTg5OSwidXJsIjoiaHR0cHM6XC9cL3RlcnJhbWFuaS5jaFwvd3AtY29udGVudFwvdXBsb2Fkc1wvMjAyM1wvMDRcL0F0ZWxpZXJfVG9vbHMud2VicCIsInNsaWRlc2hvdyI6IjY2ZmYyZDAifQ%3D%3D\">\n\t\t\t\t\t<div class=\"e-gallery-image elementor-gallery-item__image\" data-thumbnail=\"https:\/\/terramani.ch\/wp-content\/uploads\/2023\/04\/Atelier_Tools-300x225.webp\" data-width=\"300\" data-height=\"225\" aria-label=\"T\u00f6pferwerkzeuge\" role=\"img\" ><\/div>\n\t\t\t\t\t\t\t\t\t\t\t<div class=\"elementor-gallery-item__overlay\"><\/div>\n\t\t\t\t\t\t\t\t\t\t\t\t\t\t<\/a>\n\t\t\t\t\t\t\t<a class=\"e-gallery-item elementor-gallery-item elementor-animated-content\" href=\"https:\/\/terramani.ch\/wp-content\/uploads\/2025\/08\/TeM-Atelier-Keramik-Ausstellung_voll.webp\" data-elementor-open-lightbox=\"yes\" data-elementor-lightbox-slideshow=\"66ff2d0\" data-elementor-lightbox-title=\"TeM-Atelier-Keramik-Ausstellung_voll\" data-elementor-lightbox-description=\"Sicht auf das Wandregal mit der Keramik-Ausstellung von Terra e Mani\" data-e-action-hash=\"#elementor-action%3Aaction%3Dlightbox%26settings%3DeyJpZCI6MzMyMSwidXJsIjoiaHR0cHM6XC9cL3RlcnJhbWFuaS5jaFwvd3AtY29udGVudFwvdXBsb2Fkc1wvMjAyNVwvMDhcL1RlTS1BdGVsaWVyLUtlcmFtaWstQXVzc3RlbGx1bmdfdm9sbC53ZWJwIiwic2xpZGVzaG93IjoiNjZmZjJkMCJ9\">\n\t\t\t\t\t<div class=\"e-gallery-image elementor-gallery-item__image\" data-thumbnail=\"https:\/\/terramani.ch\/wp-content\/uploads\/2025\/08\/TeM-Atelier-Keramik-Ausstellung_voll-259x300.webp\" data-width=\"259\" data-height=\"300\" aria-label=\"Terra e Mani - Keramik-Ausstellung\" role=\"img\" ><\/div>\n\t\t\t\t\t\t\t\t\t\t\t<div class=\"elementor-gallery-item__overlay\"><\/div>\n\t\t\t\t\t\t\t\t\t\t\t\t\t\t<\/a>\n\t\t\t\t\t<\/div>\n\t\t\t\t\t<\/div>\n\t\t\t\t\t<\/div>\n\t\t<\/div>\n\t\t\t\t\t<\/div>\n\t\t<\/section>\n\t\t\t\t<section class=\"elementor-section elementor-top-section elementor-element elementor-element-c4b8cfd elementor-section-boxed elementor-section-height-default elementor-section-height-default elementor-invisible\" data-id=\"c4b8cfd\" data-element_type=\"section\" data-e-type=\"section\" data-settings=\"{&quot;background_background&quot;:&quot;classic&quot;,&quot;animation&quot;:&quot;fadeInUp&quot;}\">\n\t\t\t\t\t\t<div class=\"elementor-container elementor-column-gap-no\">\n\t\t\t\t\t<div class=\"elementor-column elementor-col-100 elementor-top-column elementor-element elementor-element-cce83a4\" data-id=\"cce83a4\" data-element_type=\"column\" data-e-type=\"column\">\n\t\t\t<div class=\"elementor-widget-wrap elementor-element-populated\">\n\t\t\t\t\t\t<div class=\"elementor-element elementor-element-2acbe82 elementor-widget elementor-widget-text-editor\" data-id=\"2acbe82\" data-element_type=\"widget\" data-e-type=\"widget\" data-widget_type=\"text-editor.default\">\n\t\t\t\t\t\t\t\t\t<p>Die Elemente Erde, Wasser, Luft und Feuer in Verbindung, ein Objekt entstehen zu lassen, kontemplative Momente geniessen, diese Sinnlichkeit, die H\u00e4nde in der Erde, das erforschen der Charaktereigenschaft der Materialien, Formen zu kreieren und mit Farben zu experimentieren, geduldiges Warten verbunden mit ungeduldiger Vorfreude, um dann die Magie der Unberechenbarkeit im Spiel mit der Alchemie beim \u00f6ffnen des Brennofens zu bestaunen.<\/p>\t\t\t\t\t\t\t\t<\/div>\n\t\t\t\t\t<\/div>\n\t\t<\/div>\n\t\t\t\t\t<\/div>\n\t\t<\/section>\n\t\t\t\t<section class=\"elementor-section elementor-top-section elementor-element elementor-element-7de17ce1 elementor-section-boxed elementor-section-height-default elementor-section-height-default elementor-invisible\" data-id=\"7de17ce1\" data-element_type=\"section\" data-e-type=\"section\" data-settings=\"{&quot;animation&quot;:&quot;fadeInUp&quot;}\">\n\t\t\t\t\t\t<div class=\"elementor-container elementor-column-gap-no\">\n\t\t\t\t\t<div class=\"elementor-column elementor-col-33 elementor-top-column elementor-element elementor-element-b9af12d\" data-id=\"b9af12d\" data-element_type=\"column\" data-e-type=\"column\">\n\t\t\t<div class=\"elementor-widget-wrap elementor-element-populated\">\n\t\t\t\t\t\t<div class=\"elementor-element elementor-element-675c7570 elementor-widget-divider--view-line elementor-widget elementor-widget-divider\" data-id=\"675c7570\" data-element_type=\"widget\" data-e-type=\"widget\" data-widget_type=\"divider.default\">\n\t\t\t\t\t\t\t<div class=\"elementor-divider\">\n\t\t\t<span class=\"elementor-divider-separator\">\n\t\t\t\t\t\t<\/span>\n\t\t<\/div>\n\t\t\t\t\t\t<\/div>\n\t\t\t\t<div class=\"elementor-element elementor-element-1b863267 elementor-widget-tablet__width-initial elementor-widget elementor-widget-heading\" data-id=\"1b863267\" data-element_type=\"widget\" data-e-type=\"widget\" data-settings=\"{&quot;motion_fx_motion_fx_scrolling&quot;:&quot;yes&quot;,&quot;motion_fx_devices&quot;:[&quot;desktop&quot;,&quot;tablet&quot;,&quot;mobile&quot;]}\" data-widget_type=\"heading.default\">\n\t\t\t\t\t<h2 class=\"elementor-heading-title elementor-size-default\">Terra e Mani,<br>das sind wir:<\/h2>\t\t\t\t<\/div>\n\t\t\t\t\t<\/div>\n\t\t<\/div>\n\t\t\t\t<div class=\"elementor-column elementor-col-33 elementor-top-column elementor-element elementor-element-cba4ead\" data-id=\"cba4ead\" data-element_type=\"column\" data-e-type=\"column\">\n\t\t\t<div class=\"elementor-widget-wrap elementor-element-populated\">\n\t\t\t\t\t\t<div class=\"elementor-element elementor-element-4a90bd06 elementor-widget elementor-widget-image\" data-id=\"4a90bd06\" data-element_type=\"widget\" data-e-type=\"widget\" data-widget_type=\"image.default\">\n\t\t\t\t\t\t\t\t\t\t\t\t\t\t\t<img fetchpriority=\"high\" decoding=\"async\" width=\"500\" height=\"667\" src=\"https:\/\/terramani.ch\/wp-content\/uploads\/2025\/10\/Conny_bw.webp\" class=\"attachment-full size-full wp-image-3533\" alt=\"Conny\" srcset=\"https:\/\/terramani.ch\/wp-content\/uploads\/2025\/10\/Conny_bw.webp 500w, https:\/\/terramani.ch\/wp-content\/uploads\/2025\/10\/Conny_bw-225x300.webp 225w, https:\/\/terramani.ch\/wp-content\/uploads\/2025\/10\/Conny_bw-9x12.webp 9w\" sizes=\"(max-width: 500px) 100vw, 500px\" \/>\t\t\t\t\t\t\t\t\t\t\t\t\t\t\t<\/div>\n\t\t\t\t<div class=\"elementor-element elementor-element-1d2cf625 elementor-widget elementor-widget-heading\" data-id=\"1d2cf625\" data-element_type=\"widget\" data-e-type=\"widget\" data-settings=\"{&quot;motion_fx_motion_fx_scrolling&quot;:&quot;yes&quot;,&quot;motion_fx_devices&quot;:[&quot;desktop&quot;,&quot;tablet&quot;,&quot;mobile&quot;]}\" data-widget_type=\"heading.default\">\n\t\t\t\t\t<h3 class=\"elementor-heading-title elementor-size-default\">Conny Wettstein<\/h3>\t\t\t\t<\/div>\n\t\t\t\t<div class=\"elementor-element elementor-element-71c22bc elementor-widget elementor-widget-text-editor\" data-id=\"71c22bc\" data-element_type=\"widget\" data-e-type=\"widget\" data-widget_type=\"text-editor.default\">\n\t\t\t\t\t\t\t\t\t<p>Seit f\u00fcnf Jahren begleitet mich das T\u00f6pfern \u2013 mehr als ein Handwerk, eine tiefe Leidenschaft. Was mich von Anfang an ber\u00fchrte, war die Sinnlichkeit des Materials: roher Ton, weich und formbar, eine stille Einladung zur Begegnung. Die Arbeit damit ist ein Dialog \u2013 zwischen Hand und Form, Gef\u00fchl und Technik, Geduld und Intuition.<\/p>\n<p>Anf\u00e4nglich nahm ich an einigen Kursen im Handaufbau teil, neugierig, forschend, mit dem Wunsch, tiefer einzutauchen. Schlie\u00dflich folgte ich diesem inneren Ruf \u2013 und reiste f\u00fcr drei intensive Monate in die Toskana, an die renommierte Keramikschule La Meridiana. Dort, umgeben von Olivenhainen und toskanischem Licht, fand ich zur Drehscheibe.<\/p>\n<p>Und es war mehr als nur ein Kurs. Es war der Moment, in dem ich wusste: Das ist mein Weg. Die stille Konzentration, das rhythmische Drehen, das Entstehen eines Gef\u00e4sses aus einem klumpen Erde \u2013 all das hat mich endg\u00fcltig ergriffen.<\/p>\n<p>Seither widme ich mich mit Hingabe diesem Element \u2013 und habe mir meinen lang gehegten Traum erf\u00fcllt: der Aufbau eines eigenen Keramikateliers, welches Manuel und ich uns zusammen erarbeitet haben. Ein Ort, an dem Ideen Form finden, an dem H\u00e4nde sehen lernen und aus Erde Kunst wird.<\/p>\t\t\t\t\t\t\t\t<\/div>\n\t\t\t\t\t<\/div>\n\t\t<\/div>\n\t\t\t\t<div class=\"elementor-column elementor-col-33 elementor-top-column elementor-element elementor-element-5961395a\" data-id=\"5961395a\" data-element_type=\"column\" data-e-type=\"column\">\n\t\t\t<div class=\"elementor-widget-wrap elementor-element-populated\">\n\t\t\t\t\t\t<div class=\"elementor-element elementor-element-224b88ff elementor-widget elementor-widget-image\" data-id=\"224b88ff\" data-element_type=\"widget\" data-e-type=\"widget\" data-widget_type=\"image.default\">\n\t\t\t\t\t\t\t\t\t\t\t\t\t\t\t<img decoding=\"async\" width=\"500\" height=\"667\" src=\"https:\/\/terramani.ch\/wp-content\/uploads\/2025\/10\/Manuel_bw.webp\" class=\"attachment-medium_large size-medium_large wp-image-3534\" alt=\"Manuel\" srcset=\"https:\/\/terramani.ch\/wp-content\/uploads\/2025\/10\/Manuel_bw.webp 500w, https:\/\/terramani.ch\/wp-content\/uploads\/2025\/10\/Manuel_bw-225x300.webp 225w, https:\/\/terramani.ch\/wp-content\/uploads\/2025\/10\/Manuel_bw-9x12.webp 9w\" sizes=\"(max-width: 500px) 100vw, 500px\" \/>\t\t\t\t\t\t\t\t\t\t\t\t\t\t\t<\/div>\n\t\t\t\t<div class=\"elementor-element elementor-element-38ca4ea6 elementor-widget elementor-widget-heading\" data-id=\"38ca4ea6\" data-element_type=\"widget\" data-e-type=\"widget\" data-settings=\"{&quot;motion_fx_motion_fx_scrolling&quot;:&quot;yes&quot;,&quot;motion_fx_devices&quot;:[&quot;desktop&quot;,&quot;tablet&quot;,&quot;mobile&quot;]}\" data-widget_type=\"heading.default\">\n\t\t\t\t\t<h3 class=\"elementor-heading-title elementor-size-default\">Manuel Lamora<\/h3>\t\t\t\t<\/div>\n\t\t\t\t<div class=\"elementor-element elementor-element-c934359 elementor-widget elementor-widget-text-editor\" data-id=\"c934359\" data-element_type=\"widget\" data-e-type=\"widget\" data-widget_type=\"text-editor.default\">\n\t\t\t\t\t\t\t\t\t<p>Bis wir unser erstes Atelier in Z\u00fcrich-Oerlikon einrichteten, hatte ich bis dahin keinerlei Erfahrung mit Keramik. Durch Conny, die mir die ersten Handgriffe an der Drehscheibe zeigte, \u00f6ffnete sich f\u00fcr mich v\u00f6llig unerwartet eine Welt, die mich sofort in ihren Bann zog.<\/p>\n<p>Besonders fasziniert mich an der Keramik die fast unendliche Vielfalt an gestalterischen M\u00f6glichkeiten sowie der bewusst entschleunigte und achtsame Prozess bei der Erschaffung von Keramik. Meine Arbeit lebt von Neugier und Geduld. Ich liebe es, die Grenzen der Materialien auszuloten und im Prozess unerwartete Sch\u00f6nheit zu entdecken. Die Alchemie der Glasuren, das Spiel mit Farben und Strukturen, und die st\u00e4ndige Suche nach neuen Ausdrucksformen pr\u00e4gen meinen k\u00fcnstlerischen Weg.<\/p>\n<p>Mein aktueller Fokus liegt auf der Entwicklung neuer Kristallglasuren. Das Anlegen von Testreihen, das Mischen und Erproben neuer Rezepturen sowie das genaue Dokumentieren dieser Prozesse ist f\u00fcr mich eine sinnstiftende und entschleunigende T\u00e4tigkeit. Manche Entwicklungen ziehen sich \u00fcber Monate und gerade in dieser Langsamkeit entsteht f\u00fcr mich eine besondere Tiefe.<\/p>\t\t\t\t\t\t\t\t<\/div>\n\t\t\t\t\t<\/div>\n\t\t<\/div>\n\t\t\t\t\t<\/div>\n\t\t<\/section>\n\t\t\t\t<\/div>\n\t\t","protected":false},"excerpt":{"rendered":"<p>Terra e Mani KERAMIK-ATELIER IN Z\u00dcRICH Terra e Mani gibt es seit dem Jahr 2021. Du findest uns an der Dachslernstrasse 61 in Z\u00fcrich-Altstetten, zentral gelegen und gut erreichbar mit den \u00f6ffentlichen Verkehrsmitteln (mit der Tramlinie 2 und 20 oder dem Bus 31, Haltestelle Farbhof). Mit Leidenschaft und Sorgfalt gestalten wir in unserer Werkstatt kunstvolle [&hellip;]<\/p>\n","protected":false},"author":1,"featured_media":0,"parent":0,"menu_order":0,"comment_status":"closed","ping_status":"closed","template":"","meta":{"footnotes":""},"class_list":["post-464","page","type-page","status-publish","hentry"],"_links":{"self":[{"href":"https:\/\/terramani.ch\/en\/wp-json\/wp\/v2\/pages\/464","targetHints":{"allow":["GET"]}}],"collection":[{"href":"https:\/\/terramani.ch\/en\/wp-json\/wp\/v2\/pages"}],"about":[{"href":"https:\/\/terramani.ch\/en\/wp-json\/wp\/v2\/types\/page"}],"author":[{"embeddable":true,"href":"https:\/\/terramani.ch\/en\/wp-json\/wp\/v2\/users\/1"}],"replies":[{"embeddable":true,"href":"https:\/\/terramani.ch\/en\/wp-json\/wp\/v2\/comments?post=464"}],"version-history":[{"count":8,"href":"https:\/\/terramani.ch\/en\/wp-json\/wp\/v2\/pages\/464\/revisions"}],"predecessor-version":[{"id":4191,"href":"https:\/\/terramani.ch\/en\/wp-json\/wp\/v2\/pages\/464\/revisions\/4191"}],"wp:attachment":[{"href":"https:\/\/terramani.ch\/en\/wp-json\/wp\/v2\/media?parent=464"}],"curies":[{"name":"wp","href":"https:\/\/api.w.org\/{rel}","templated":true}]}}