{"id":1632,"date":"2023-05-21T14:53:54","date_gmt":"2023-05-21T12:53:54","guid":{"rendered":"https:\/\/terramani.ch\/?post_type=product&#038;p=1632"},"modified":"2024-12-21T17:17:59","modified_gmt":"2024-12-21T16:17:59","slug":"haengeleuchte-floyd","status":"publish","type":"product","link":"https:\/\/terramani.ch\/en\/shop\/leuchten\/haengeleuchte-floyd\/","title":{"rendered":"H\u00e4ngeleuchte &#8211; &#171;Floyd&#187;"},"content":{"rendered":"<p>Diese H\u00e4ngeleuchte besticht durch ihre Form und ihre faszinierend, schimmernde, Oberfl\u00e4chenstruktur.<\/p>\n<p>Die Fassung &#171;Old English&#187; im Vintage-Look und das kupferfarben gl\u00e4nzende Textilkabel erg\u00e4nzen dieses Glanzst\u00fcck.<\/p>\n<p>DIMENSIONS:<\/p>\n<p>H\u00f6he: 13cm<br \/>\nBreite: 11cm<\/p>\n<p>Kabell\u00e4nge: 190cm<\/p>","protected":false},"excerpt":{"rendered":"<p>Diese H\u00e4ngeleuchte besticht durch ihre Form und ihre faszinierend, schimmernde, Oberfl\u00e4chenstruktur.<\/p>\n<p>Die Fassung &#171;Old English&#187; im Vintage-Look und das kupferfarben gl\u00e4nzende Textilkabel erg\u00e4nzen dieses Glanzst\u00fcck.<\/p>\n<p>DIMENSIONS:<\/p>\n<p>H\u00f6he: 13cm<br \/>\nBreite: 11cm<\/p>\n<p>Kabell\u00e4nge: 190cm<\/p>","protected":false},"featured_media":1633,"template":"","meta":[],"product_brand":[],"product_cat":[34],"product_tag":[61],"class_list":{"0":"post-1632","1":"product","2":"type-product","3":"status-publish","4":"has-post-thumbnail","6":"product_cat-leuchten","7":"product_tag-leuchte","9":"first","10":"instock","11":"sold-individually","12":"shipping-taxable","13":"purchasable","14":"product-type-simple"},"_links":{"self":[{"href":"https:\/\/terramani.ch\/en\/wp-json\/wp\/v2\/product\/1632","targetHints":{"allow":["GET"]}}],"collection":[{"href":"https:\/\/terramani.ch\/en\/wp-json\/wp\/v2\/product"}],"about":[{"href":"https:\/\/terramani.ch\/en\/wp-json\/wp\/v2\/types\/product"}],"version-history":[{"count":0,"href":"https:\/\/terramani.ch\/en\/wp-json\/wp\/v2\/product\/1632\/revisions"}],"wp:featuredmedia":[{"embeddable":true,"href":"https:\/\/terramani.ch\/en\/wp-json\/wp\/v2\/media\/1633"}],"wp:attachment":[{"href":"https:\/\/terramani.ch\/en\/wp-json\/wp\/v2\/media?parent=1632"}],"wp:term":[{"taxonomy":"product_brand","embeddable":true,"href":"https:\/\/terramani.ch\/en\/wp-json\/wp\/v2\/product_brand?post=1632"},{"taxonomy":"product_cat","embeddable":true,"href":"https:\/\/terramani.ch\/en\/wp-json\/wp\/v2\/product_cat?post=1632"},{"taxonomy":"product_tag","embeddable":true,"href":"https:\/\/terramani.ch\/en\/wp-json\/wp\/v2\/product_tag?post=1632"}],"curies":[{"name":"wp","href":"https:\/\/api.w.org\/{rel}","templated":true}]}}