{"id":1642,"date":"2023-05-21T15:24:51","date_gmt":"2023-05-21T13:24:51","guid":{"rendered":"https:\/\/terramani.ch\/?post_type=product&#038;p=1642"},"modified":"2023-05-21T22:59:11","modified_gmt":"2023-05-21T20:59:11","slug":"haengeleuchte-gluegg","status":"publish","type":"product","link":"https:\/\/terramani.ch\/en\/shop\/leuchten\/haengeleuchte-gluegg\/","title":{"rendered":"H\u00e4ngeleuchte &#8211; &#171;Gl\u00fcgg&#187;"},"content":{"rendered":"<p>Diese kleine, aber feine H\u00e4ngeleuchte besticht durch ihre Glockenform, welche in dunklem Blau und einem rostbraunen Ring daher kommt. Das gedrehte, dunkelblaue Textilkabel ist eine tolle Erg\u00e4nzung zu diesem einzigartigen St\u00fcck.<\/p>\n<p>DIMENSIONS:<\/p>\n<p>H\u00f6he: 8cm<br \/>\nBreite: 13cm<\/p>\n<p>Kabell\u00e4nge: 190cm<\/p>","protected":false},"excerpt":{"rendered":"<p>Diese kleine, aber feine H\u00e4ngeleuchte besticht durch ihre Glockenform, welche in dunklem Blau und einem rostbraunen Ring daher kommt. Das gedrehte, dunkelblaue Textilkabel ist eine tolle Erg\u00e4nzung zu diesem einzigartigen St\u00fcck.<\/p>\n<p>DIMENSIONS:<\/p>\n<p>H\u00f6he: 8cm<br \/>\nBreite: 13cm<\/p>\n<p>Kabell\u00e4nge: 190cm<\/p>","protected":false},"featured_media":1644,"template":"","meta":[],"product_brand":[],"product_cat":[34],"product_tag":[61],"class_list":{"0":"post-1642","1":"product","2":"type-product","3":"status-publish","4":"has-post-thumbnail","6":"product_cat-leuchten","7":"product_tag-leuchte","9":"first","10":"instock","11":"sold-individually","12":"shipping-taxable","13":"purchasable","14":"product-type-simple"},"_links":{"self":[{"href":"https:\/\/terramani.ch\/en\/wp-json\/wp\/v2\/product\/1642","targetHints":{"allow":["GET"]}}],"collection":[{"href":"https:\/\/terramani.ch\/en\/wp-json\/wp\/v2\/product"}],"about":[{"href":"https:\/\/terramani.ch\/en\/wp-json\/wp\/v2\/types\/product"}],"version-history":[{"count":0,"href":"https:\/\/terramani.ch\/en\/wp-json\/wp\/v2\/product\/1642\/revisions"}],"wp:featuredmedia":[{"embeddable":true,"href":"https:\/\/terramani.ch\/en\/wp-json\/wp\/v2\/media\/1644"}],"wp:attachment":[{"href":"https:\/\/terramani.ch\/en\/wp-json\/wp\/v2\/media?parent=1642"}],"wp:term":[{"taxonomy":"product_brand","embeddable":true,"href":"https:\/\/terramani.ch\/en\/wp-json\/wp\/v2\/product_brand?post=1642"},{"taxonomy":"product_cat","embeddable":true,"href":"https:\/\/terramani.ch\/en\/wp-json\/wp\/v2\/product_cat?post=1642"},{"taxonomy":"product_tag","embeddable":true,"href":"https:\/\/terramani.ch\/en\/wp-json\/wp\/v2\/product_tag?post=1642"}],"curies":[{"name":"wp","href":"https:\/\/api.w.org\/{rel}","templated":true}]}}