{"id":1668,"date":"2023-05-21T17:38:14","date_gmt":"2023-05-21T15:38:14","guid":{"rendered":"https:\/\/terramani.ch\/?post_type=product&#038;p=1668"},"modified":"2024-12-23T09:06:57","modified_gmt":"2024-12-23T08:06:57","slug":"apero-schale-suedsee","status":"publish","type":"product","link":"https:\/\/terramani.ch\/en\/shop\/geschirr\/apero-schale-suedsee\/","title":{"rendered":"Ap\u00e9ro-Schale &#8211; &#171;S\u00fcdsee&#187;"},"content":{"rendered":"<p>Eine kleine Ap\u00e9ro-Schale aus gespottetem Ton welcher f\u00fcr die wundersch\u00f6nen Farbverl\u00e4ufe im inneren des Sch\u00e4lchens verantwortlich ist. Das Gr\u00fcn mit einer Tendenz ins Blaue erinnert an ein Korallen-Riff in der S\u00fcdsee.<\/p>\n<p>DIMENSIONS:<\/p>\n<p>H\u00f6he: 5cm<br \/>\nBreite: 11cm<\/p>","protected":false},"excerpt":{"rendered":"<p>Ein kleine Ap\u00e9ro-Schale aus gespotteten Ton welcher f\u00fcr die wundersch\u00f6nen Farbverl\u00e4ufe im inneren des Sch\u00e4lchens verantwortlich ist. Das Gr\u00fcn mit einer Tendenz ins Blaue erinnert an ein Korallen-Riff in der S\u00fcdsee.<\/p>\n<p>DIMENSIONS:<\/p>\n<p>H\u00f6he: 5cm<br \/>\nBreite: 11cm<\/p>","protected":false},"featured_media":1670,"template":"","meta":[],"product_brand":[],"product_cat":[33],"product_tag":[39],"class_list":{"0":"post-1668","1":"product","2":"type-product","3":"status-publish","4":"has-post-thumbnail","6":"product_cat-geschirr","7":"product_tag-schale","9":"first","10":"outofstock","11":"sold-individually","12":"shipping-taxable","13":"purchasable","14":"product-type-simple"},"_links":{"self":[{"href":"https:\/\/terramani.ch\/en\/wp-json\/wp\/v2\/product\/1668","targetHints":{"allow":["GET"]}}],"collection":[{"href":"https:\/\/terramani.ch\/en\/wp-json\/wp\/v2\/product"}],"about":[{"href":"https:\/\/terramani.ch\/en\/wp-json\/wp\/v2\/types\/product"}],"version-history":[{"count":0,"href":"https:\/\/terramani.ch\/en\/wp-json\/wp\/v2\/product\/1668\/revisions"}],"wp:featuredmedia":[{"embeddable":true,"href":"https:\/\/terramani.ch\/en\/wp-json\/wp\/v2\/media\/1670"}],"wp:attachment":[{"href":"https:\/\/terramani.ch\/en\/wp-json\/wp\/v2\/media?parent=1668"}],"wp:term":[{"taxonomy":"product_brand","embeddable":true,"href":"https:\/\/terramani.ch\/en\/wp-json\/wp\/v2\/product_brand?post=1668"},{"taxonomy":"product_cat","embeddable":true,"href":"https:\/\/terramani.ch\/en\/wp-json\/wp\/v2\/product_cat?post=1668"},{"taxonomy":"product_tag","embeddable":true,"href":"https:\/\/terramani.ch\/en\/wp-json\/wp\/v2\/product_tag?post=1668"}],"curies":[{"name":"wp","href":"https:\/\/api.w.org\/{rel}","templated":true}]}}