{"id":1686,"date":"2023-05-21T19:29:26","date_gmt":"2023-05-21T17:29:26","guid":{"rendered":"https:\/\/terramani.ch\/?post_type=product&#038;p=1686"},"modified":"2023-05-21T22:56:12","modified_gmt":"2023-05-21T20:56:12","slug":"haengeleuchte-1001-nacht","status":"publish","type":"product","link":"https:\/\/terramani.ch\/en\/shop\/leuchten\/haengeleuchte-1001-nacht\/","title":{"rendered":"H\u00e4ngeleuchte &#8211; &#171;1001 Nacht&#187;"},"content":{"rendered":"<p>Diese H\u00e4ngeleuchte schafft eine warme Atmosph\u00e4re im Raum und ist auch tags\u00fcber ein Blickfang. Das Design ist orientalisch inspiriert und bei genauerem Hinschauen sieht man die wundersch\u00f6nen Details der Oberfl\u00e4che. Die vielen \u00d6ffnungen spielen mit dem Licht.<\/p>\n<p>DIMENSIONS:<\/p>\n<p>H\u00f6he: 15cm<br \/>\nBreite: 30cm<\/p>\n<p>Kabell\u00e4nge: 200cm<\/p>","protected":false},"excerpt":{"rendered":"<p>Diese H\u00e4ngeleuchte schafft eine warme Atmosph\u00e4re im Raum und ist auch tags\u00fcber ein Blickfang. Das Design ist orientalisch inspiriert und bei genauerem Hinschauen sieht man die wundersch\u00f6nen Details der Oberfl\u00e4che. Die vielen \u00d6ffnungen spielen mit dem Licht.<\/p>\n<p>DIMENSIONS:<\/p>\n<p>H\u00f6he: 15cm<br \/>\nBreite: 30cm<\/p>\n<p>Kabell\u00e4nge: 200cm<\/p>","protected":false},"featured_media":1687,"template":"","meta":[],"product_brand":[],"product_cat":[34],"product_tag":[61],"class_list":{"0":"post-1686","1":"product","2":"type-product","3":"status-publish","4":"has-post-thumbnail","6":"product_cat-leuchten","7":"product_tag-leuchte","9":"first","10":"instock","11":"sold-individually","12":"shipping-taxable","13":"purchasable","14":"product-type-simple"},"_links":{"self":[{"href":"https:\/\/terramani.ch\/en\/wp-json\/wp\/v2\/product\/1686","targetHints":{"allow":["GET"]}}],"collection":[{"href":"https:\/\/terramani.ch\/en\/wp-json\/wp\/v2\/product"}],"about":[{"href":"https:\/\/terramani.ch\/en\/wp-json\/wp\/v2\/types\/product"}],"version-history":[{"count":0,"href":"https:\/\/terramani.ch\/en\/wp-json\/wp\/v2\/product\/1686\/revisions"}],"wp:featuredmedia":[{"embeddable":true,"href":"https:\/\/terramani.ch\/en\/wp-json\/wp\/v2\/media\/1687"}],"wp:attachment":[{"href":"https:\/\/terramani.ch\/en\/wp-json\/wp\/v2\/media?parent=1686"}],"wp:term":[{"taxonomy":"product_brand","embeddable":true,"href":"https:\/\/terramani.ch\/en\/wp-json\/wp\/v2\/product_brand?post=1686"},{"taxonomy":"product_cat","embeddable":true,"href":"https:\/\/terramani.ch\/en\/wp-json\/wp\/v2\/product_cat?post=1686"},{"taxonomy":"product_tag","embeddable":true,"href":"https:\/\/terramani.ch\/en\/wp-json\/wp\/v2\/product_tag?post=1686"}],"curies":[{"name":"wp","href":"https:\/\/api.w.org\/{rel}","templated":true}]}}