{"id":1705,"date":"2023-05-21T22:16:10","date_gmt":"2023-05-21T20:16:10","guid":{"rendered":"https:\/\/terramani.ch\/?post_type=product&#038;p=1705"},"modified":"2023-12-17T17:11:50","modified_gmt":"2023-12-17T16:11:50","slug":"apero-schale-tagtraum","status":"publish","type":"product","link":"https:\/\/terramani.ch\/en\/shop\/geschirr\/apero-schale-tagtraum\/","title":{"rendered":"Ap\u00e9ro Schale &#8211; &#171;Tagtraum&#187;"},"content":{"rendered":"<p>Diese kleine Ap\u00e9ro Schale mit feinem Streifen-Relief aussen und einem sagenhaften T\u00fcrkis innen, l\u00e4dt zum Tagtr\u00e4umen ein. F\u00fcr kleine H\u00e4ppchen, Oliven oder einen schmackhaften Dip.<\/p>\n<p>DIMENSIONS:<\/p>\n<p>H\u00f6he: 5cm<br \/>\nBreite: 11cm<\/p>","protected":false},"excerpt":{"rendered":"<p>Diese kleine Ap\u00e9ro Schale mit feinem Streifen-Relief aussen und einem sagenhaften T\u00fcrkis innen, l\u00e4dt zum Tagtr\u00e4umen ein. F\u00fcr kleine H\u00e4ppchen, Oliven oder einen schmackhaften Dip.<\/p>\n<p>DIMENSIONS:<\/p>\n<p>H\u00f6he: 5cm<br \/>\nBreite: 11cm<\/p>","protected":false},"featured_media":1713,"template":"","meta":[],"product_brand":[],"product_cat":[33],"product_tag":[39],"class_list":{"0":"post-1705","1":"product","2":"type-product","3":"status-publish","4":"has-post-thumbnail","6":"product_cat-geschirr","7":"product_tag-schale","9":"first","10":"outofstock","11":"sold-individually","12":"shipping-taxable","13":"purchasable","14":"product-type-simple"},"_links":{"self":[{"href":"https:\/\/terramani.ch\/en\/wp-json\/wp\/v2\/product\/1705","targetHints":{"allow":["GET"]}}],"collection":[{"href":"https:\/\/terramani.ch\/en\/wp-json\/wp\/v2\/product"}],"about":[{"href":"https:\/\/terramani.ch\/en\/wp-json\/wp\/v2\/types\/product"}],"version-history":[{"count":0,"href":"https:\/\/terramani.ch\/en\/wp-json\/wp\/v2\/product\/1705\/revisions"}],"wp:featuredmedia":[{"embeddable":true,"href":"https:\/\/terramani.ch\/en\/wp-json\/wp\/v2\/media\/1713"}],"wp:attachment":[{"href":"https:\/\/terramani.ch\/en\/wp-json\/wp\/v2\/media?parent=1705"}],"wp:term":[{"taxonomy":"product_brand","embeddable":true,"href":"https:\/\/terramani.ch\/en\/wp-json\/wp\/v2\/product_brand?post=1705"},{"taxonomy":"product_cat","embeddable":true,"href":"https:\/\/terramani.ch\/en\/wp-json\/wp\/v2\/product_cat?post=1705"},{"taxonomy":"product_tag","embeddable":true,"href":"https:\/\/terramani.ch\/en\/wp-json\/wp\/v2\/product_tag?post=1705"}],"curies":[{"name":"wp","href":"https:\/\/api.w.org\/{rel}","templated":true}]}}